{"id":5,"date":"2020-03-14T14:02:38","date_gmt":"2020-03-14T13:02:38","guid":{"rendered":"http:\/\/pdc.zeus.umh.es\/?page_id=2"},"modified":"2021-10-22T13:28:51","modified_gmt":"2021-10-22T11:28:51","slug":"inicio","status":"publish","type":"page","link":"https:\/\/covid-19.umh.es\/en\/inicio\/","title":{"rendered":"Inicio"},"content":{"rendered":"[et_pb_section fb_built=&#8221;1&#8243; fullwidth=&#8221;on&#8221; _builder_version=&#8221;4.2.2&#8243; collapsed=&#8221;off&#8221;][et_pb_fullwidth_image src=&#8221;https:\/\/pdc.umh.es\/files\/2020\/03\/banner-pdci-NUEVO-CENTRADO.png&#8221; admin_label=&#8221;Imagen de anchura completa&#8221; _builder_version=&#8221;4.2.2&#8243;][\/et_pb_fullwidth_image][\/et_pb_section][et_pb_section fb_built=&#8221;1&#8243; _builder_version=&#8221;4.2.2&#8243; custom_margin=&#8221;||||false|false&#8221;][et_pb_row _builder_version=&#8221;4.2.2&#8243; background_size=&#8221;initial&#8221; background_position=&#8221;top_left&#8221; background_repeat=&#8221;repeat&#8221; custom_margin=&#8221;||||false|false&#8221;][et_pb_column type=&#8221;4_4&#8243; _builder_version=&#8221;3.25&#8243; custom_padding=&#8221;|||&#8221; custom_padding__hover=&#8221;|||&#8221;][et_pb_text admin_label=&#8221;Texto&#8221; _builder_version=&#8221;4.2.2&#8243; text_line_height=&#8221;1em&#8221; header_3_line_height=&#8221;1.5em&#8221; background_size=&#8221;initial&#8221; background_position=&#8221;top_left&#8221; background_repeat=&#8221;repeat&#8221; custom_margin=&#8221;-70px||||false|false&#8221; hover_enabled=&#8221;0&#8243; content__hover_enabled=&#8221;on|desktop&#8221;]<p><\/p>\n<h1 style=\"text-align: left\">\u00a0<\/h1>\n<h1 style=\"text-align: left\"><strong>PLAN DE CONTINUIDAD<\/strong><\/h1>\n<p>&nbsp;<\/p>\n<h2><strong>COMUNICADOS DE LA UMH<\/strong><\/h2>\n<p>&nbsp;<\/p>\n<h4><strong>RECTOR<\/strong><\/h4>\n<p><a href=\"..\/files\/2021\/01\/Comunicado-conjuntoenero-rev.pdf\" rel=\"attachment wp-att-8016\">Acuerdo adoptado por la Conselleria de Innovaci\u00f3n, Universidades, Ciencia y Sociedad Digital y las rectoras y rectores de las universidades p\u00fablicas valencianas (7.01.2021)<\/a><\/p>\n<p><a href=\"..\/files\/2020\/04\/Acuerdo-adoptado-Conselleria-Rectores-SPUV.pdf\" rel=\"attachment wp-att-3387\">Acuerdo adoptado Conselleria Rectores SPUV (3.4.2020)<\/a><\/p>\n<p><a href=\"..\/files\/2020\/03\/20200313_1603-mail-RECTOR-Comunicado-oficial-de-la-UMH-sobre-medidas-de-u%CC%81ltima-hora.pdf\" rel=\"attachment wp-att-119\">Mensaje del Rector (13.3.2020)<\/a><\/p>\n<p><a href=\"..\/files\/2020\/03\/20200312_2044-mail-RECTOR-Suspensio\u0301n-de-actividad-docente-presencial-en-la-UMH.pdf\" rel=\"attachment wp-att-105\">Mensaje del rector (12.3.2020)<\/a><\/p>\n<p>&nbsp;<\/p>\n<h4><strong>GERENTE<\/strong><\/h4>\n<p><a href=\"..\/files\/2021\/01\/Circular-n\u00ba-3-de-Gerencia.pdf\" rel=\"attachment wp-att-8063\">Circular n\u00ba 3 de la gerencia de fecha 29 de enero de 2021, referida a la jornada laboral para el personsal de administraci\u00f3n y servicios, en la Universidad Miguel Hern\u00e1ndez de Elche, ante situaciones excepcionales provocadas por la COVID19 (29.01.2021)<\/a><\/p>\n<p><a href=\"..\/files\/2021\/01\/CIRCULAR-N\u00ba-1-GERENCIA-Jornada-Laboral-limitacion-de-espacios-compartidos.pdf\" rel=\"attachment wp-att-8037\">Circular n\u00ba1 de la gerencia de fecha 18 de enero de 2021, referida a la jornada laboral para el personal de administraci\u00f3n y servicios, en la Universidad Miguel Hern\u00e1ndez de Elche, ante situaciones excepcionales provocadas por la COVID19, derivadas de la limitaci\u00f3n de espacios compartidos (18.01.2021)<\/a><\/p>\n<p><a href=\"..\/files\/2020\/09\/Medidas-laborales-ante-situaciones-por-COVID-19.pdf\" rel=\"attachment wp-att-7772\">Medidas de car\u00e1cter laboral a adoptar por el personal de administraci\u00f3n y servicios, en la Universidad Miguel Hern\u00e1ndez de Elche, ante situaci<\/a><a href=\"..\/files\/2020\/09\/Medidas-laborales-ante-situaciones-por-COVID-19.pdf\" rel=\"attachment wp-att-7772\">ones excepcionales provocadas por la COVID-19 (14.09.2020)<\/a><\/p>\n<p><a href=\"..\/files\/2020\/03\/Instruccio\u0301n-de-Gerencia-sobre-Contratos-Pu\u0301blicos.pdf\" rel=\"attachment wp-att-1715\">Instruccio\u0301n sobre Contratos Pu\u0301blicos (27.3.2020)<\/a><\/p>\n<p><a href=\"..\/files\/2020\/03\/20200315-mail-GERENTE-a-PAS.pdf\">Mensaje de la Gerente al PAS (15.03.2020)<\/a><\/p>\n<p><a href=\"..\/files\/2020\/03\/20200315-mail-GERENTE-a-PI.pdf\">Mensaje de la Gerente al PI (15.03.2020)<\/a><\/p>\n<p><a href=\"https:\/\/universite.umh.es\/app\/teletrabajo\">Protocolo de teletrabajo para el PAS (15.03.2020)<\/a><\/p>\n<p><a href=\"https:\/\/universite.umh.es\/app\/reuniones-virtuales\">Protocolo para reuniones virtuales (15.03.2020)\u00a0<\/a><\/p>\n<p>&nbsp;<\/p>\n<h4><strong>VICERRECTORADO DE INFRAESTRUCTURAS<\/strong><\/h4>\n<p><a href=\"https:\/\/pdc.umh.es\/files\/2021\/10\/RECOMENDACIONES_CURSO2021_22.pdf\" rel=\"attachment wp-att-8370\">Recomendaciones generales para la docencia del curso 2021\/22 (21.10.2021)<\/a><\/p>\n<p><a href=\"https:\/\/pdc.umh.es\/files\/2021\/10\/PLANDEMEDIDASPREVENTIVAS_OCT21-1.pdf\" rel=\"attachment wp-att-8337\">Plan de medidas preventivas (21.10.2021)<\/a><\/p>\n<p><a href=\"https:\/\/pdc.umh.es\/files\/2021\/09\/MEDIDA-DEL-CO2-AULAS-CURSO-2021.pdf\" rel=\"attachment wp-att-8140\">Uso de los medidores de CO2 en las aulas (13.09.2021)<\/a><\/p>\n<p><a href=\"https:\/\/pdc.umh.es\/files\/2021\/09\/PROTOCOLO_GVA_CURSO_UNIVERSITARIO2021_22.pdf\" rel=\"attachment wp-att-8121\">Protocolo de actuaci\u00f3n para el curso universitario 2021\/22 de la Conselleria de Sanidad (10.06.2021)<\/a><\/p>\n<p><a href=\"https:\/\/pdc.umh.es\/files\/2021\/05\/MEDIDASPREVENTIVAS_EXAMENES_JUNIO_SEP2021.pdf\" rel=\"attachment wp-att-8079\">Medidas de protecci\u00f3n para la realizaci\u00f3n de los ex\u00e1menes de junio y septiembre de 2021 (25.05.2021)<\/a><\/p>\n<p><a href=\"..\/files\/2020\/09\/PLANDEMEDIDASPREVENTIVAS_NN_SEP20-1.pdf\" rel=\"attachment wp-att-7658\">Plan de medidas preventivas para el retorno a la actividad presencial &#8220;Nueva normalidad&#8221;<\/a><a href=\"..\/files\/2020\/09\/PLANDEMEDIDASPREVENTIVAS_NN_SEP20-1.pdf\" rel=\"attachment wp-att-7658\"> (10.09.2021)<\/a><\/p>\n<p><a href=\"..\/files\/2020\/09\/20200910PLANDECONTINUIDAD_UMH_10sep_NN.pdf\" rel=\"attachment wp-att-7862\">Plan de continuidad &#8220;Nueva Normalidad&#8221; (10.09.2020)<\/a><\/p>\n<p><a href=\"..\/files\/2020\/09\/Protocolo_UMH_curso202021-1.pdf\" rel=\"attachment wp-att-7653\">Protocolo de actuaci\u00f3n frente a la COVID-19 para el comienzo del curso universitario 2020\/21 en la Universidad Miguel Hern\u00e1ndez (10.09.2020<\/a>)<\/p>\n<p><a href=\"..\/files\/2021\/04\/AMPLIACION_MEDIDAS_PREVENTIVAS.pdf\" rel=\"attachment wp-att-8075\">Ampliaci\u00f3n de las medidas de prevenci\u00f3n frente al contagio por la COVID19, como consecuencia de la evoluci\u00f3n de la situaci\u00f3n sanitaria (18.01.2021)<\/a><\/p>\n<p><a href=\"..\/files\/2021\/01\/MEDIDASPREVENTIVAS_EXAMENES_FEBRERO2021.pdf\" rel=\"attachment wp-att-8000\">Medidas de protecci\u00f3n para la realizaci\u00f3n de los ex\u00e1menes de febrero de 2021 (11.01.2021)<\/a><\/p>\n<p>&nbsp;<\/p>\n<p>&nbsp;<\/p>\n<h4><strong>VICERRECTORADO DE ESTUDIOS<\/strong><\/h4>\n<p><a href=\"..\/files\/2020\/05\/Pautas-con-ejemplo-para-examenes-online-COVID-19-vfin.pdf\" rel=\"attachment wp-att-6848\">Pautas para realizaci\u00f3n de ex\u00e1menes no presenciales (21.05.2020)<\/a><\/p>\n<p><a href=\"..\/files\/2020\/05\/Normativa-de-evaluacio\u0301n-no-presencial-vfin.pdf\" rel=\"attachment wp-att-6839\">Normativa de evaluaci\u00f3n no presencial (21.05.2020)<\/a><\/p>\n<p><a href=\"..\/files\/2020\/05\/Directrices-practicas-externas.pdf\" rel=\"attachment wp-att-6837\">Directrices sobre pr\u00e1cticas externas (21.05.2020)<\/a><\/p>\n<p><a href=\"..\/files\/2020\/05\/Propuesta-adaptacion-guias-COVID-19-UMH-ver4ComSeg.pdf\" rel=\"attachment wp-att-6737\">Propuestas para adaptaci\u00f3n de gu\u00edas docentes (12.05.2020)<\/a><\/p>\n<p><a href=\"..\/files\/2020\/04\/Indicaciones-excepcionales-normativa-TFG-y-TFM-vf2.pdf\" rel=\"attachment wp-att-6590\">Indicaciones excepcionales TFG y TFM (27.04.2020)<\/a><\/p>\n<p><a href=\"..\/files\/2020\/03\/20200313-mail-VdoEST-INSTRUCCIONES-DE-ACTUACIO\u0301N.pdf\" rel=\"attachment wp-att-135\">Mensaje de la Vicerrectora de Estudios (13.03.2020)<\/a><\/p>\n<p><a href=\"..\/files\/2020\/03\/20200313-Protocolo-para-imparticio\u0301n-de-docencia-online-por-COVID-19.pdf\" rel=\"attachment wp-att-134\">Protocolo de impartici\u00f3n de docencia online (13.03.2020)<\/a><\/p>\n<p>&nbsp;<\/p>\n<h4><strong>VICERRECTORADO DE ESTUDIANTES Y COORDINACI\u00d3N<br \/><\/strong><\/h4>\n<p><a href=\"http:\/\/www.dogv.gva.es\/datos\/2020\/11\/04\/pdf\/2020_9203.pdf\">Resoluci\u00f3n de la consellera de Sanidad Universal y Salud P\u00fablica, por la que se acuerdan medidas especiales en relaci\u00f3n con las pr\u00e1cticas en centros sanitarios del Sistema Valenciano de Salud y centros sanitarios privados para estudiantes de universidades p\u00fablicas y privadas de la Comunitat Valenciana (4.11.2020)<\/a><\/p>\n<p><a href=\"..\/files\/2020\/04\/Guia-Crue-Universidades-Espan\u0303olas-Grupo-DPD-FAQS-COVID19.pdf\" rel=\"attachment wp-att-6551\">Gu\u00eda sobre protecci\u00f3n de datos personales en el \u00e1mbito universitario &#8211; CRUE (24.4.2020)<\/a><\/p>\n<p><a href=\"..\/files\/2020\/04\/16-04-20-NP.pdf\" rel=\"attachment wp-att-6288\">Evaluaci\u00f3n no presencial y calendario acad\u00e9mico (16.4.2020)<\/a><\/p>\n<p><a href=\"..\/anulacion-desplazamiento\/\">Anulaci\u00f3n desplazamiento estudiantes recoger material (16.4.2020)<\/a><\/p>\n<p><a href=\"..\/files\/2020\/04\/Desplazaminto-estudiantes-recoger-material.pdf\" rel=\"attachment wp-att-6063\">Despl<\/a><a href=\"..\/files\/2020\/04\/Desplazaminto-estudiantes-recoger-material.pdf\" rel=\"attachment wp-att-6063\">azamiento estudiantes recoger material (10.4.2020)<\/a><\/p>\n<p><a href=\"..\/files\/2020\/03\/Aplazar-recibos-de-matri\u0301cula-de-abril-y-mayo.pdf\" rel=\"attachment wp-att-2513\">Aplazamiento del pago de matr\u00edcula (31.3.2020)<\/a><\/p>\n<p><a href=\"..\/preguntas-frecuentes-estudiantes\/\">Preguntas frecuentes estudiantes (27.3.2020)<\/a><\/p>\n<p><a href=\"..\/files\/2020\/03\/20200317-mail-VdoESTUDIANTES.pdf\">Mensaje del Vicerrector de Estudiantes y Coordinaci\u00f3n (17.03.2020)<\/a><\/p>\n<p><a href=\"..\/files\/2020\/03\/docencia-online.pdf\">Gu\u00eda de docencia online (16.3.2020)<\/a><\/p>\n<p>Aula virtual: <a href=\"https:\/\/www.youtube.com\/watch?v=rFz5badqVKA\" target=\"_blank\" rel=\"noopener noreferrer\">ejemplo pr\u00e1ctico 1\u00a0<\/a>\/ <a href=\"https:\/\/www.youtube.com\/watch?v=BZfSrllXg2Q&amp;feature=youtu.be\" target=\"_blank\" rel=\"noopener noreferrer\">ejemplo pr\u00e1ctico 2<\/a><\/p>\n<p>&nbsp;<\/p>\n<h4><strong>VICERRECTORADO DE PROFESORADO<\/strong><\/h4>\n<p><a href=\"..\/files\/2020\/09\/Instruccion-UMH-situaciones-laborales-PDI-COVID-19.pdf\" rel=\"attachment wp-att-7859\">Instrucci\u00f3n del Vicerrector de Profesorado al objeto de informar a los Departamentos sobre las distintas situaciones laborales del profesorado universitario como consecuencia de la excepcionalidad provocada por la emergencia sanitaria derivada de la COVID-19 (16.09.2020)<\/a><\/p>\n<p><a href=\"..\/files\/2020\/05\/informacion-profesorado-procesos.pdf\" rel=\"attachment wp-att-7005\">Informaci\u00f3n sobre los procesos y convocatorias en curso (27.05.2020)<\/a><\/p>\n<p><a href=\"..\/files\/2020\/04\/resolucion-suspension-plazos-convocatorias-funcionarios.pdf\">Informaci\u00f3n sobre la suspensi\u00f3n de plazos de convocatorias de profesorado en curso (16.04.2020)<\/a><\/p>\n<p><a href=\"..\/files\/2020\/04\/INFORMACIO\u0301N-WEB-VICERRECTORADO-DE-PROFESORADO.pdf\">Informaci\u00f3n de inter\u00e9s del Vicerrectorado de Profesorado (16.04.2020)<\/a><\/p>\n<p><a href=\"..\/files\/2020\/04\/report_Suspension-Prodecimientos-ANECA_COVID19_v3_180323.pdf\">Nota informativa sobre la suspensi\u00f3n de plazos en los procedimientos administrativos de Aneca (23.03.2020)<\/a><\/p>\n<p>&nbsp;<\/p>\n<h4><strong>VICERRECTORADO DE RELACIONES INTERNACIONALES<\/strong><\/h4>\n<p><a href=\"..\/files\/2020\/03\/Mensaje_VDORRII.pdf\" rel=\"attachment wp-att-314\">Mensaje del Vicerrector de Relaciones Internacionales (18.3.2020)<\/a><\/p>\n<p><a href=\"..\/files\/2020\/03\/Preguntas-frecuentes.pdf\" rel=\"attachment wp-att-315\">Preguntas frecuentes (18.3.2020)<\/a><\/p>\n<p><a href=\"..\/files\/2020\/03\/Recomendaciones-y-sitios-web-de-informacio\u0301n.pdf\" rel=\"attachment wp-att-317\">Recomendaciones y sitios web de informaci\u00f3n (18.3.2020)<\/a><\/p>\n<h3>\u00a0<\/h3>\n<h4><strong>VICERRECTORADO DE TECNOLOG\u00cdAS DE LA INFORMACI\u00d3N<\/strong><\/h4>\n<p><a href=\"..\/files\/2020\/09\/20200928-Protocolo-para-prestamo-portatiles-al-estudiantado-por-COVID-19-1.pdf\" rel=\"attachment wp-att-7893\">Protocolo de pr\u00e9stamo port\u00e1tiles al estudiantado (28.09.2020)<\/a><\/p>\n<p><a href=\"..\/files\/2020\/05\/20200513-Protocolo-para-acceso-a-aula-de-practicas-libres-virtuales-por-COVID-19.pdf\" rel=\"attachment wp-att-6747\">Instrucciones para acceso a aulas virtuales para PR\u00c1CTICAS LIBRES (13.05.2020)<\/a><\/p>\n<p><a href=\"..\/files\/2020\/04\/20200423-Protocolo-para-acceso-a-aulas-practicas-virtuales-por-COVID-19.pdf\">Instrucciones para acceso a aulas pr\u00e1cticas virtuales en la UMH (23.04.2020)<\/a><\/p>\n<p><a href=\"https:\/\/www.aepd.es\/es\/prensa-y-comunicacion\/notas-de-prensa\/aepd-apps-webs-autoevaluacion-coronavirus-privacidad\">Comunicado de la AEPD sobre apps y webs de autoevaluaci\u00f3n del Coronavirus (26.03.2020)<\/a><\/p>\n<p><a href=\"https:\/\/www.ccn.cni.es\/index.php\/es\/docman\/documentos-publicos\/abstract\/191-abstract-politica-de-acceso-remoto-seguro\/file\"> Medidas de seguridad para acceso remoto (23.03.2020)<\/a><\/p>\n<p><a href=\"https:\/\/social.inap.es\/sites\/default\/files\/20200313-Recomendaciones%20protecci%C3%B3n%20frente%20a%20phising%20en%20teletrabajo-r%20%281%29_0.pdf\">Recomendaciones ante ataques &#8220;phising&#8221; en teletrabajo (Secretar\u00eda General de Administraci\u00f3n Digital) (20.03.2020)<\/a><\/p>\n<p><a href=\"https:\/\/social.inap.es\/sites\/default\/files\/20200313-Recomendaciones%20de%20ciberseguridad_0.pdf\">Recomendaciones de ciberseguridad para usuarios (Secretar\u00eda General de Administraci\u00f3n Digital) (20.03.2020)<\/a><\/p>\n<p>&nbsp;<\/p>\n<h4><strong>VICERRECTORADO DE TRANSFERENCIA Y E INTERCAMBIO DE CONOCIMIENTO<\/strong><\/h4>\n<p><a href=\"https:\/\/mecenazgo.umh.es\/\" target=\"_blank\" rel=\"noopener noreferrer\">Mecenazgo UMH (4.04.2020)<\/a><\/p>\n<p>&nbsp;<\/p>\n<h4><strong>VICERRECTORADO RELACIONES INSTITUCIONALES<\/strong><\/h4>\n<p><a href=\"..\/guiajuridica\">Gu\u00eda jur\u00eddica frente al COVID-19<\/a><\/p>\n<p>&nbsp;<\/p>\n<h4><strong>SECRETAR\u00cdA GENERAL<\/strong><\/h4>\n<p><a href=\"..\/files\/2020\/05\/Instruccio\u0301n-reapertura-registros-Elche-San-Juan.pdf\" rel=\"attachment wp-att-6795\">Instruccio\u0301n reapertura registros Elche y Sant Joan d&#8217;Alacant (18.52020)<\/a><\/p>\n<p><a href=\"..\/files\/2020\/05\/Instruccio\u0301n-reapertura-registros-Altea-Orihuela-csv.pdf\" rel=\"attachment wp-att-6774\">Instruccio\u0301n reapertura registros Altea y Orihuela (15.52020)<\/a><\/p>\n<p>&nbsp;<\/p>\n<h2><strong>INFORMACI\u00d3N SOBRE CORONAVIRUS (COVID 19)<\/strong><\/h2>\n<h4><strong>DOCUMENTOS<\/strong><\/h4>\n<p><a href=\"..\/files\/2020\/03\/Informacio\u0301n-para-las-empresas-Hacer-frente-al-Coronavirus.pdf\" rel=\"attachment wp-att-920\">Documento informativo de la Conseller\u00eda de Sanidad Universal y Salud P\u00fablica Informaci\u00f3n para las empresas: Hacer frente al Coronavirus 23 de marzo de 2020<\/a><\/p>\n<p><a href=\"..\/files\/2020\/03\/Grupos-vulnerables.pdf\" rel=\"attachment wp-att-923\">Recomendaciones de la Conseller\u00eda de Sanidad Universal y Salud P\u00fablica en relaci\u00f3n a los grupos de riestos (grupos vulnerables)<\/a><\/p>\n<p><a href=\"..\/files\/2020\/03\/Medidas-de-proteccio\u0301n-ba\u0301sicas-contra-el-nuevo-coronavirus.pdf\" rel=\"attachment wp-att-926\">Documento elaborado por el Sistema Operativo Sanitario de la Presidencia del Gobierno sobre &#8220;Medidas de proteccio\u0301n ba\u0301sicas contra el nuevo coronavirus&#8221;<\/a><\/p>\n<p><a href=\"..\/files\/2020\/03\/lavado-de-las-manos.pdf\" rel=\"attachment wp-att-927\">Documento con los pasos a seguir para el correcto lavado de las manos<\/a><\/p>\n<p>&nbsp;<\/p>\n<h4><strong>INFORMACI\u00d3N<\/strong><\/h4>\n<p><a href=\"..\/files\/2020\/04\/GUIACENTROSTRABAJOCOVID19b.pdf\" rel=\"attachment wp-att-6339\">Documento del Ministerio de Sanidad de buenas pr\u00e1cticas en los centros de trabajo (17.4.2020)<\/a><\/p>\n<p><a href=\"..\/files\/2020\/04\/Teletrabajo.pdf\" rel=\"attachment wp-att-6341\">Gu\u00eda para la realizaci\u00f3n de Teletrabajo de la Unidad de Prevenci\u00f3n de la UMH (17.4.2020)<\/a><\/p>\n<p><a href=\"https:\/\/www.mscbs.gob.es\/profesionales\/saludPublica\/ccayes\/alertasActual\/nCov-China\/ciudadania.htm\" target=\"_blank\" rel=\"noopener noreferrer\">Informaci\u00f3n del Ministerio de Sanidad, Consumo y Bienestar Social, sobre el Coronavirus COVID-19<\/a><\/p>\n<p><a href=\"http:\/\/www.san.gva.es\/web_estatica\/coronavirus\/coronavirus_es.html\" target=\"_blank\" rel=\"noopener noreferrer\">Recomendaciones de la Conselleria de Sanidad Universal y Salud P\u00fablica<\/a><\/p>\n<p><a href=\"https:\/\/prevencion.umh.es\/teletrabajo\/\" target=\"_blank\" rel=\"noopener noreferrer\">Recomendaciones de la Secci\u00f3n de Prevenci\u00f3n de Riesgos Laborales de la UMH en relaci\u00f3n a la realizaci\u00f3n del teletrabajo<\/a><\/p>\n<p class=\"MsoNormal\" style=\"margin: 0cm 0cm 0.0001pt;font-size: 11pt;font-family: Calibri, sans-serif\"><span lang=\"ES\">Ante cualquier duda pod\u00e9is poneros en contacto con la Secci\u00f3n de Prevenci\u00f3n de Riesgos Laborales <a style=\"color: #954f72\" href=\"mailto:prevencion@umh.es\">prevencion@umh.es<\/a>.<\/span><\/p>\n<p>Tel\u00e9fono de atenci\u00f3n m\u00e9dica por el coronavirus de la Comunidad Valenciana: 900 300 555<\/p>\n<p class=\"MsoNormal\" style=\"margin: 0cm 0cm 0.0001pt;font-size: 11pt;font-family: Calibri, sans-serif\">\n<h4><strong>DECRETOS Y COMUNICADOS DE LA GENERALIDAD VALENCIANA\u00a0<\/strong><\/h4>\n<div>Resoluci\u00f3n de la Conselleria de Sanidad Universal y Salud P\u00fablica del 8 de octubre por la que se acuerdan medidas en materia de salud p\u00fablica <a href=\"https:\/\/pdc.umh.es\/files\/2021\/10\/RESOLUCION_GVA_8OCT_2021_10258.pdf\" rel=\"attachment wp-att-8358\">Descargar<\/a><\/div>\n<p>RESOLUCI\u00d3N de 19 de enero de 2021, de la consellera de Sanidad Universdal y Salud P\u00fablica, por la que se establecen medidas excepcionales y adicionales en el \u00e1mbito de la Comunitat Valenciana como consecuencia del agravamento de la situaci\u00f3n de crisis sanitaria ocasionada por el Covid-19 (19.01.2021) <a href=\"http:\/\/www.dogv.gva.es\/datos\/2021\/01\/20\/pdf\/2021_530.pdf\">Descargar<\/a><\/p>\n<p>RESOLUCI\u00d3N de 13 de marzo de 2020, de la Conselleria de Innovaci\u00f3n, Universidades, Ciencia y Sociedad Digital, por la que se desarrolla para el \u00e1mbito universitario y de ense\u00f1anzas art\u00edsticas superiores, la Resoluci\u00f3n de 12 de marzo, de la Conselleria de Sanidad Universal y Salud P\u00fablica, de suspensi\u00f3n temporal de la actividad educativa y formativa presencial en todos los centros, etapas, ciclos, grados, cursos y niveles de ense\u00f1anza de la Comunitat Valenciana, como consecuencia de la situaci\u00f3n y evoluci\u00f3n del coronavirus (Covid-19). (13.03.2020)\u00a0<a href=\"http:\/\/www.dogv.gva.es\/datos\/2020\/03\/13\/pdf\/2020_2544.pdf\">Descargar<\/a><\/p>\n<p>DECRETO 32\/2020, de 13 de marzo de 2020, del Consell, por el que se disponen medidas extraordinarias de gesti\u00f3n sanitaria en salvaguarda de la salud p\u00fablica a causa de la pandemia por coronavirus SARS-CoV (Covid-19)\u00a0 (14.03.2020)\u00a0<a href=\"http:\/\/www.dogv.gva.es\/datos\/2020\/03\/14\/pdf\/2020_2566.pdf\">Descargar<\/a><\/p>\n<p>ACUERDO de 17 de abri de 2020, del Consell de aprobaci\u00f3n de la declaraci\u00f3n institucional de luto por las v\u00edctimas del Covid-19. (17.04.2020) <a href=\"..\/files\/2020\/04\/2020_2969.pdf\" target=\"_blank\" rel=\"noopener noreferrer\">Descargar<\/a><\/p>\n<p>&nbsp;<\/p>\n<h4><strong>DECRETOS Y COMUNICADOS DEL GOBIERNO DE ESPA\u00d1A<\/strong><\/h4>\n<p>Ley 2\/2021, de 29 de marzo, de medidas urgentes de prevenci\u00f3n, contenci\u00f3n y coordinaci\u00f3n. <a href=\"https:\/\/pdc.umh.es\/files\/2021\/10\/LEY_2_21_BOE-A-2021-4908.pdf\" rel=\"attachment wp-att-8361\">Descargar<\/a><\/p>\n<p>Comunicado de Crue Universidades Espa\u00f1olas ante la doble situaci\u00f3n de emergencia por la pandemia de la Covid-19 y el temporal de nieve. <a href=\"..\/files\/2021\/01\/Carta-SGU-Comunidad-Universitaria-firmada-4.pdf\" target=\"_blank\" rel=\"attachment noopener wp-att-7338 noreferrer\">Descargar<\/a><\/p>\n<p>Carta del Secretario General de Universidades a la Comunidad Universitaria con motivo de la reentrada al curso <a href=\"..\/files\/2021\/01\/2021.01.12-Comunicado-Reentrada-curso.pdf\" target=\"_blank\" rel=\"attachment noopener wp-att-7338 noreferrer\">Descargar<\/a><\/p>\n<p>Recomendaciones del Ministerio de Universidades a la Comunidad Universitaria para adpatar el curso universitario 2020-2021 a una presencialidad adaptada y medidas de actuaci\u00f3n de las universidades ante un caso sospechoso o uno positivo de COVID-19. <a href=\"..\/files\/2020\/09\/RECOMENDACIONES_MINISTERIO_UNI_SEP20.pdf\" target=\"_blank\" rel=\"attachment noopener wp-att-7338 noreferrer\">Descargar<\/a><\/p>\n<p>Real Decreto 463\/2020, de 14 de marzo, por el que se declara el estado de alarma para la gesti\u00f3n de la situaci\u00f3n de crisis sanitaria ocasionada por el COVID-19. <a href=\"https:\/\/www.boe.es\/buscar\/act.php?id=BOE-A-2020-3692\">Descargar<\/a><\/p>\n<p>Comunicaci\u00f3n sobre los plazos administrativos de la AEI a los beneficiarios y solicitantes de sus ayudas en relaci\u00f3n con la crisis sanitaria ocasionada por el COVID -19. <a href=\"http:\/\/www.aei.gob.es\/portal\/site\/MICINN\/menuitem.edc7f2029a2be27d7010721001432ea0\/?vgnextoid=1e3a06489e2e0710VgnVCM1000001d04140aRCRD&amp;vgnextchannel=878dfb7e04195510VgnVCM1000001d04140aRCRD\">Enlace<\/a><\/p>\n<p>Orden PCM\/362\/2020, de 22 de abril, por la que se modifica la Orden PCM\/139\/2020, de 17 de febrero, por la que se determinan las caracter\u00edsticas, el dise\u00f1o y el contenido de la evaluaci\u00f3n de Bachillerato para el acceso a la Universidad, y las fechas m\u00e1ximas de realizaci\u00f3n y de resoluci\u00f3n de los procedimientos de revisi\u00f3n de las calificaciones obtenidas en el curso 2019-2020. <a href=\"..\/files\/2020\/04\/BOE-A-2020-4576.pdf\" rel=\"attachment wp-att-6534\">Descargar<\/a><\/p>\n<p>Comunicaci\u00f3n\u00a0 en relaci\u00f3n a la anulaci\u00f3n de desplazamiento por parte de los estudiantes para recoger material. <a href=\"..\/files\/2020\/04\/report_Carta-Presidente-Sectorial-Asuntos-Estudiantiles.pdf\" rel=\"attachment wp-att-6533\">Descargar<\/a><\/p>\n<p class=\"p2\" style=\"margin: 0px;line-height: normal;font-family: Helvetica\">\n[\/et_pb_text][et_pb_image src=&#8221;https:\/\/pdc.umh.es\/files\/2020\/03\/preguntas-frecuentes-cast-click.png&#8221; url=&#8221;https:\/\/pdc.umh.es\/preguntas-frecuentes-estudiantes\/&#8221; use_overlay=&#8221;on&#8221; overlay_icon_color=&#8221;#e02b20&#8243; hover_icon=&#8221;%%47%%&#8221; align=&#8221;center&#8221; _builder_version=&#8221;4.2.2&#8243;][\/et_pb_image][\/et_pb_column][\/et_pb_row][\/et_pb_section]","protected":false},"excerpt":{"rendered":"<p>\u00a0 PLAN DE CONTINUIDAD &nbsp; COMUNICADOS DE LA UMH &nbsp; RECTOR Acuerdo adoptado por la Conselleria de Innovaci\u00f3n, Universidades, Ciencia y Sociedad Digital y las rectoras y rectores de las universidades p\u00fablicas valencianas (7.01.2021) Acuerdo adoptado Conselleria Rectores SPUV (3.4.2020) Mensaje del Rector (13.3.2020) Mensaje del rector (12.3.2020) &nbsp; GERENTE Circular n\u00ba 3 de la [&hellip;]<\/p>\n","protected":false},"author":1159,"featured_media":0,"parent":0,"menu_order":0,"comment_status":"closed","ping_status":"closed","template":"","meta":{"_et_pb_use_builder":"on","_et_pb_old_content":"<p><!-- wp:paragraph --><\/p>\r\n<p>Esta es una p\u00e1gina de ejemplo. Es diferente a una entrada del blog porque permanecer\u00e1 en un solo lugar y aparecer\u00e1 en la navegaci\u00f3n de tu sitio (en la mayor\u00eda de los temas). La mayor\u00eda de las personas comienzan con una p\u00e1gina \u00abAcerca de\u00bb que les presenta a los visitantes potenciales del sitio. Podr\u00edas decir algo as\u00ed:<\/p>\r\n<p><!-- \/wp:paragraph --><\/p>\r\n<p><!-- wp:quote --><\/p>\r\n<blockquote class=\"wp-block-quote\">\r\n<p>\u00a1Bienvenido! Soy camarero de d\u00eda, aspirante a actor de noche y esta es mi web. Vivo en Mairena del Alcor, tengo un perro que se llama Firulais y me gusta el rebujito. (Y las tardes largas con caf\u00e9).<\/p>\r\n<\/blockquote>\r\n<p><!-- \/wp:quote --><\/p>\r\n<p><!-- wp:paragraph --><\/p>\r\n<p>\u2026o algo as\u00ed:<\/p>\r\n<p><!-- \/wp:paragraph --><\/p>\r\n<p><!-- wp:quote --><\/p>\r\n<blockquote class=\"wp-block-quote\">\r\n<p>La empresa \u00abMariscos Recio\u00bb fue fundada por Antonio Recio Mata. Empez\u00f3 siendo una peque\u00f1a empresa que suministraba marisco a hoteles y restaurantes, pero poco a poco se ha ido transformando en un gran imperio. Mariscos Recio, el mar al mejor precio.<\/p>\r\n<\/blockquote>\r\n<p><!-- \/wp:quote --><\/p>\r\n<p><!-- wp:paragraph --><\/p>\r\n<p>Como nuevo usuario de WordPress, deber\u00edas ir a <a href=\"https:\/\/pdc.zeus.umh.es\/wp-admin\/\">tu escritorio<\/a> para borrar esta p\u00e1gina y crear nuevas p\u00e1ginas para tu contenido. \u00a1P\u00e1salo bien!<\/p>\r\n<p><!-- \/wp:paragraph --><\/p>","_et_gb_content_width":"","_links_to":"","_links_to_target":""},"_links":{"self":[{"href":"https:\/\/covid-19.umh.es\/en\/wp-json\/wp\/v2\/pages\/5"}],"collection":[{"href":"https:\/\/covid-19.umh.es\/en\/wp-json\/wp\/v2\/pages"}],"about":[{"href":"https:\/\/covid-19.umh.es\/en\/wp-json\/wp\/v2\/types\/page"}],"author":[{"embeddable":true,"href":"https:\/\/covid-19.umh.es\/en\/wp-json\/wp\/v2\/users\/1159"}],"replies":[{"embeddable":true,"href":"https:\/\/covid-19.umh.es\/en\/wp-json\/wp\/v2\/comments?post=5"}],"version-history":[{"count":0,"href":"https:\/\/covid-19.umh.es\/en\/wp-json\/wp\/v2\/pages\/5\/revisions"}],"wp:attachment":[{"href":"https:\/\/covid-19.umh.es\/en\/wp-json\/wp\/v2\/media?parent=5"}],"curies":[{"name":"wp","href":"https:\/\/api.w.org\/{rel}","templated":true}]}}