{"id":654,"date":"2020-03-24T08:41:58","date_gmt":"2020-03-24T07:41:58","guid":{"rendered":"https:\/\/pdc.umh.es\/?page_id=654"},"modified":"2020-05-25T10:02:03","modified_gmt":"2020-05-25T08:02:03","slug":"lucha","status":"publish","type":"page","link":"https:\/\/covid-19.umh.es\/en\/lucha\/","title":{"rendered":"Lucha contra el COVID-19"},"content":{"rendered":"<p>[et_pb_section fb_built=&#8221;1&#8243; fullwidth=&#8221;on&#8221; _builder_version=&#8221;4.2.2&#8243;][et_pb_fullwidth_image src=&#8221;https:\/\/pdc.umh.es\/files\/2020\/03\/banner-pdci-NUEVO-CENTRADO.png&#8221; _builder_version=&#8221;4.2.2&#8243;][\/et_pb_fullwidth_image][\/et_pb_section][et_pb_section fb_built=&#8221;1&#8243; _builder_version=&#8221;4.2.2&#8243;][et_pb_row column_structure=&#8221;1_2,1_2&#8243; _builder_version=&#8221;4.2.2&#8243;][et_pb_column type=&#8221;1_2&#8243; _builder_version=&#8221;4.2.2&#8243;][et_pb_image src=&#8221;https:\/\/pdc.umh.es\/files\/2020\/05\/Captura-de-pantalla-2020-05-25-a-las-9.47.32.jpg&#8221; url=&#8221;https:\/\/pdc.umh.es\/informecovid19&#8243; use_overlay=&#8221;on&#8221; overlay_icon_color=&#8221;#e02b20&#8243; hover_overlay_color=&#8221;rgba(214,214,214,0.6)&#8221; hover_icon=&#8221;%%47%%&#8221; align=&#8221;center&#8221; force_fullwidth=&#8221;on&#8221; _builder_version=&#8221;4.2.2&#8243; box_shadow_style=&#8221;preset1&#8243;][\/et_pb_image][et_pb_text _builder_version=&#8221;4.2.2&#8243; hover_enabled=&#8221;0&#8243;]<\/p>\n<p class=\"MsoNormal\" style=\"margin: 0cm 0cm 0.0001pt;font-size: 11pt;font-family: Calibri, sans-serif;text-align: justify\"><span style=\"font-family: Arial, sans-serif\">La Universidad Miguel Hern\u00e1ndez ha participado en un proyecto de investigaci\u00f3n sobre las consecuencias psicol\u00f3gicas de la COVID-19 y del confinamiento en la poblaci\u00f3n espa\u00f1ola.<\/span><span style=\"font-family: Arial, sans-serif;font-size: 16px\">&nbsp;<span style=\"font-family: Arial, sans-serif\">&nbsp;<\/span><\/span><\/p>\n<p>[\/et_pb_text][\/et_pb_column][et_pb_column type=&#8221;1_2&#8243; _builder_version=&#8221;4.2.2&#8243;][et_pb_image src=&#8221;https:\/\/pdc.umh.es\/files\/2020\/04\/BOTO\u0301N-CLI\u0301NICA-JURI\u0301DICA.png&#8221; url=&#8221;https:\/\/pdc.umh.es\/guiajuridica&#8221; use_overlay=&#8221;on&#8221; overlay_icon_color=&#8221;#e02b20&#8243; hover_overlay_color=&#8221;rgba(214,214,214,0.6)&#8221; hover_icon=&#8221;%%47%%&#8221; align=&#8221;center&#8221; force_fullwidth=&#8221;on&#8221; _builder_version=&#8221;4.2.2&#8243; box_shadow_style=&#8221;preset1&#8243;][\/et_pb_image][et_pb_text _builder_version=&#8221;4.2.2&#8243;]<\/p>\n<p class=\"MsoNormal\" style=\"margin: 0cm 0cm 0.0001pt;font-size: 11pt;font-family: Calibri, sans-serif;text-align: justify\"><span style=\"font-family: Arial, sans-serif\">Con esta gu&iacute;a se pretende facilitar informaci&oacute;n y resolver aquellas dudas sobre temas laborales, contractuales, econ&oacute;micos y familiares<span class=\"Apple-converted-space\">&nbsp;<\/span>que con m&aacute;s frecuencia nos estamos planteando tras la declaraci&oacute;n del estado de alarma y la aplicaci&oacute;n de las medidas de contenci&oacute;n en los distintos &aacute;mbitos, a consecuencia de la pandemia del COVID-19.&nbsp; Esta situaci&oacute;n ha dado lugar, entre otras medidas, al cierre de centros de trabajo, a la suspensi&oacute;n de contratos o a la limitaci&oacute;n de la libertad de circulaci&oacute;n por la v&iacute;a p&uacute;blica.<\/span><span style=\"font-family: Arial, sans-serif;font-size: 16px\">&nbsp;<\/p>\n<p><span style=\"font-family: Arial, sans-serif\">&nbsp;<\/span><\/p>\n<p>[\/et_pb_text][\/et_pb_column][\/et_pb_row][et_pb_row _builder_version=&#8221;4.2.2&#8243;][et_pb_column type=&#8221;4_4&#8243; _builder_version=&#8221;4.2.2&#8243;][et_pb_divider color=&#8221;#a0a0a0&#8243; _builder_version=&#8221;4.2.2&#8243;][\/et_pb_divider][\/et_pb_column][\/et_pb_row][et_pb_row column_structure=&#8221;1_2,1_2&#8243; _builder_version=&#8221;4.2.2&#8243;][et_pb_column type=&#8221;1_2&#8243; _builder_version=&#8221;4.2.2&#8243;][et_pb_image src=&#8221;https:\/\/pdc.umh.es\/files\/2020\/04\/MECENAZGO-ESTRELLAS.png&#8221; url=&#8221;https:\/\/mecenazgo.umh.es&#8221; url_new_window=&#8221;on&#8221; use_overlay=&#8221;on&#8221; overlay_icon_color=&#8221;#e02b20&#8243; hover_overlay_color=&#8221;rgba(214,214,214,0.6)&#8221; hover_icon=&#8221;%%47%%&#8221; align=&#8221;center&#8221; force_fullwidth=&#8221;on&#8221; _builder_version=&#8221;4.2.2&#8243; box_shadow_style=&#8221;preset1&#8243;][\/et_pb_image][et_pb_text _builder_version=&#8221;4.2.2&#8243;]<\/p>\n<p style=\"text-align: justify\">Con el fin de captar fondos para el suministro de productos sanitarios como gafas, pantallas, mascarillas, etc. fabricados con una red de impresoras 3D, la Universidad Miguel Hern&aacute;ndez (UMH) de Elche ha lanzado un portal de mecenazgo, activado con el proyecto de &ldquo;Apoyo para combatir los efectos de COVID-19 en la provincia de Alicante&rdquo;.<\/p>\n<p>[\/et_pb_text][\/et_pb_column][et_pb_column type=&#8221;1_2&#8243; _builder_version=&#8221;4.2.2&#8243;][et_pb_video src=&#8221;https:\/\/www.youtube.com\/watch?v=oz00e8SeuYc&#8221; _builder_version=&#8221;4.2.2&#8243;][\/et_pb_video][\/et_pb_column][\/et_pb_row][et_pb_row column_structure=&#8221;1_2,1_2&#8243; _builder_version=&#8221;4.2.2&#8243;][et_pb_column type=&#8221;1_2&#8243; _builder_version=&#8221;4.2.2&#8243;][et_pb_video src=&#8221;https:\/\/twitter.com\/i\/status\/1242894017353809920&#8243; _builder_version=&#8221;4.2.2&#8243;][\/et_pb_video][\/et_pb_column][et_pb_column type=&#8221;1_2&#8243; _builder_version=&#8221;4.2.2&#8243;][et_pb_video src=&#8221;https:\/\/twitter.com\/UniversidadMH\/status\/1242407892466229248&#8243; _builder_version=&#8221;4.2.2&#8243;][\/et_pb_video][\/et_pb_column][\/et_pb_row][et_pb_row _builder_version=&#8221;4.2.2&#8243;][et_pb_column type=&#8221;4_4&#8243; _builder_version=&#8221;4.2.2&#8243;][et_pb_blog include_categories=&#8221;308095&#8243; show_more=&#8221;on&#8221; show_author=&#8221;off&#8221; show_categories=&#8221;off&#8221; _builder_version=&#8221;4.2.2&#8243; header_text_align=&#8221;justify&#8221; text_orientation=&#8221;justified&#8221;][\/et_pb_blog][\/et_pb_column][\/et_pb_row][\/et_pb_section]<\/p>\n","protected":false},"excerpt":{"rendered":"<p>La Universidad Miguel Hern\u00e1ndez ha participado en un proyecto de investigaci\u00f3n sobre las consecuencias psicol\u00f3gicas de la COVID-19 y del confinamiento en la poblaci\u00f3n espa\u00f1ola.&nbsp;&nbsp;Con esta gu&iacute;a se pretende facilitar informaci&oacute;n y resolver aquellas dudas sobre temas laborales, contractuales, econ&oacute;micos y familiares&nbsp;que con m&aacute;s frecuencia nos estamos planteando tras la declaraci&oacute;n del estado de alarma [&hellip;]<\/p>\n","protected":false},"author":53,"featured_media":0,"parent":0,"menu_order":0,"comment_status":"closed","ping_status":"closed","template":"","meta":{"_et_pb_use_builder":"on","_et_pb_old_content":"","_et_gb_content_width":"","_links_to":"","_links_to_target":""},"_links":{"self":[{"href":"https:\/\/covid-19.umh.es\/en\/wp-json\/wp\/v2\/pages\/654"}],"collection":[{"href":"https:\/\/covid-19.umh.es\/en\/wp-json\/wp\/v2\/pages"}],"about":[{"href":"https:\/\/covid-19.umh.es\/en\/wp-json\/wp\/v2\/types\/page"}],"author":[{"embeddable":true,"href":"https:\/\/covid-19.umh.es\/en\/wp-json\/wp\/v2\/users\/53"}],"replies":[{"embeddable":true,"href":"https:\/\/covid-19.umh.es\/en\/wp-json\/wp\/v2\/comments?post=654"}],"version-history":[{"count":0,"href":"https:\/\/covid-19.umh.es\/en\/wp-json\/wp\/v2\/pages\/654\/revisions"}],"wp:attachment":[{"href":"https:\/\/covid-19.umh.es\/en\/wp-json\/wp\/v2\/media?parent=654"}],"curies":[{"name":"wp","href":"https:\/\/api.w.org\/{rel}","templated":true}]}}